{"id":7,"date":"2026-03-21T14:35:01","date_gmt":"2026-03-21T14:35:01","guid":{"rendered":"https:\/\/restaurantlaluciole.fr\/new\/?page_id=7"},"modified":"2026-03-27T00:03:46","modified_gmt":"2026-03-27T00:03:46","slug":"bienvenue-a-la-luciole","status":"publish","type":"page","link":"https:\/\/restaurantlaluciole.fr\/new\/","title":{"rendered":"Accueil"},"content":{"rendered":"\n<p>Bienvenue au restaurant La Luciole \u00e0 Luc sur Orbieu<\/p>\n\n\n\n<figure class=\"wp-block-image size-full\"><img loading=\"lazy\" decoding=\"async\" width=\"520\" height=\"259\" src=\"https:\/\/restaurantlaluciole.fr\/new\/wp-content\/uploads\/2026\/03\/logo-restaurant.jpg\" alt=\"\" class=\"wp-image-66\" srcset=\"https:\/\/restaurantlaluciole.fr\/new\/wp-content\/uploads\/2026\/03\/logo-restaurant.jpg 520w, https:\/\/restaurantlaluciole.fr\/new\/wp-content\/uploads\/2026\/03\/logo-restaurant-300x149.jpg 300w\" sizes=\"auto, (max-width: 520px) 100vw, 520px\" \/><\/figure>\n\n\n\n<div class=\"wp-block-group alignfull has-global-padding is-layout-constrained wp-container-core-group-is-layout-0c9c989a wp-block-group-is-layout-constrained\" style=\"min-height:0vh;margin-top:0;margin-bottom:0;padding-top:var(--wp--preset--spacing--70);padding-right:var(--wp--preset--spacing--40);padding-bottom:var(--wp--preset--spacing--70);padding-left:var(--wp--preset--spacing--40)\">\n<figure class=\"wp-block-image size-full\"><img loading=\"lazy\" decoding=\"async\" width=\"1200\" height=\"900\" src=\"https:\/\/restaurantlaluciole.fr\/new\/wp-content\/uploads\/2026\/03\/LA-LUCIOLE-1.jpeg\" alt=\"\" class=\"wp-image-19\" srcset=\"https:\/\/restaurantlaluciole.fr\/new\/wp-content\/uploads\/2026\/03\/LA-LUCIOLE-1.jpeg 1200w, https:\/\/restaurantlaluciole.fr\/new\/wp-content\/uploads\/2026\/03\/LA-LUCIOLE-1-300x225.jpeg 300w, https:\/\/restaurantlaluciole.fr\/new\/wp-content\/uploads\/2026\/03\/LA-LUCIOLE-1-1024x768.jpeg 1024w, https:\/\/restaurantlaluciole.fr\/new\/wp-content\/uploads\/2026\/03\/LA-LUCIOLE-1-768x576.jpeg 768w\" sizes=\"auto, (max-width: 1200px) 100vw, 1200px\" \/><\/figure>\n\n\n\n<div class=\"wp-block-group has-global-padding is-layout-constrained wp-container-core-group-is-layout-346627ba wp-block-group-is-layout-constrained\">\n<h2 class=\"wp-block-heading has-text-align-center has-xx-large-font-size\" style=\"margin-right:0;margin-left:0;padding-right:0;padding-left:0\">Une cuisine de saison, gourmande et accessible<\/h2>\n\n\n\n<p class=\"has-text-align-center\">\u00c0 Luc-sur-Orbieu, La Luciole ouvre un nouveau chapitre sous l\u2019impulsion du Chef Yohan Renard.<\/p>\n\n\n\n<p class=\"has-text-align-center\">Une cuisine guid\u00e9e par le produit, le respect des saisons et le go\u00fbt du travail bien fait.<\/p>\n\n\n\n<div class=\"wp-block-buttons is-content-justification-center is-layout-flex wp-container-core-buttons-is-layout-a89b3969 wp-block-buttons-is-layout-flex\">\n<div class=\"wp-block-button\"><a class=\"wp-block-button__link wp-element-button\" href=\"https:\/\/reservation.laddition.com\/booking\/laluciole\">R\u00e9server<\/a><\/div>\n<\/div>\n<\/div>\n<\/div>\n\n\n\n<div class=\"wp-block-group alignfull is-style-section-1 has-global-padding is-layout-constrained wp-block-group-is-layout-constrained is-style-section-1--1\" style=\"margin-top:0;margin-bottom:0;padding-top:var(--wp--preset--spacing--80);padding-bottom:var(--wp--preset--spacing--80)\">\n<div class=\"wp-block-columns alignwide is-layout-flex wp-container-core-columns-is-layout-66fad18a wp-block-columns-is-layout-flex\">\n<div class=\"wp-block-column is-layout-flow wp-block-column-is-layout-flow\" style=\"padding-right:var(--wp--preset--spacing--50);flex-basis:45%\">\n<div class=\"wp-block-group has-global-padding is-layout-constrained wp-block-group-is-layout-constrained\" style=\"margin-top:-12vw\"><\/div>\n\n\n\n<figure class=\"wp-block-image size-large is-resized\"><img loading=\"lazy\" decoding=\"async\" width=\"1024\" height=\"768\" src=\"https:\/\/restaurantlaluciole.fr\/new\/wp-content\/uploads\/2026\/03\/la-luciole-5-1024x768.jpg\" alt=\"\" class=\"wp-image-21\" style=\"aspect-ratio:1.333346081768463;width:545px;height:auto\" srcset=\"https:\/\/restaurantlaluciole.fr\/new\/wp-content\/uploads\/2026\/03\/la-luciole-5-1024x768.jpg 1024w, https:\/\/restaurantlaluciole.fr\/new\/wp-content\/uploads\/2026\/03\/la-luciole-5-300x225.jpg 300w, https:\/\/restaurantlaluciole.fr\/new\/wp-content\/uploads\/2026\/03\/la-luciole-5-768x576.jpg 768w, https:\/\/restaurantlaluciole.fr\/new\/wp-content\/uploads\/2026\/03\/la-luciole-5.jpg 1200w\" sizes=\"auto, (max-width: 1024px) 100vw, 1024px\" \/><\/figure>\n<\/div>\n\n\n\n<div class=\"wp-block-column is-vertically-aligned-center is-layout-flow wp-block-column-is-layout-flow\" style=\"padding-right:0;padding-left:0;flex-basis:50%\">\n<div class=\"wp-block-group is-vertical is-layout-flex wp-container-core-group-is-layout-fe9cc265 wp-block-group-is-layout-flex\">\n<h2 class=\"wp-block-heading is-style-text-annotation is-style-text-annotation--2\">La cuisine<\/h2>\n<\/div>\n\n\n\n<p class=\"is-style-text-subtitle is-style-text-subtitle--3\">Le midi, une cuisine du march\u00e9, fra\u00eeche et spontan\u00e9e<br>Le soir, des menus plus \u00e9labor\u00e9s, sans jamais perdre en lisibilit\u00e9.<\/p>\n\n\n\n<p class=\"is-style-text-subtitle is-style-text-subtitle--4\">Ici, chaque assiette va \u00e0 l\u2019essentiel :<br>des produits justes, des cuissons ma\u00eetris\u00e9es, des associations \u00e9quilibr\u00e9es.<\/p>\n<\/div>\n<\/div>\n\n\n\n<p class=\"is-style-text-subtitle has-xx-large-font-size is-style-text-subtitle--5\"><\/p>\n\n\n\n<p class=\"is-style-text-subtitle has-xx-large-font-size is-style-text-subtitle--6\"><strong>Une approche gastronomique, pens\u00e9e pour rester accessible.<\/strong><\/p>\n<\/div>\n\n\n\n<div class=\"wp-block-group alignfull has-global-padding is-layout-constrained wp-block-group-is-layout-constrained\" style=\"margin-top:0;margin-bottom:0;padding-top:var(--wp--preset--spacing--60);padding-bottom:var(--wp--preset--spacing--60)\">\n<h2 class=\"wp-block-heading alignwide has-text-align-center\">Nos tarifs<\/h2>\n\n\n\n<div style=\"height:var(--wp--preset--spacing--40)\" aria-hidden=\"true\" class=\"wp-block-spacer\"><\/div>\n\n\n\n<div class=\"wp-block-columns alignwide is-layout-flex wp-container-core-columns-is-layout-1d9f35bd wp-block-columns-is-layout-flex\">\n<div class=\"wp-block-column has-border-color is-layout-flow wp-block-column-is-layout-flow\" style=\"border-color:var(--wp--preset--color--accent-6);border-width:1px;border-radius:10px;padding-top:var(--wp--preset--spacing--50);padding-right:var(--wp--preset--spacing--50);padding-bottom:var(--wp--preset--spacing--50);padding-left:var(--wp--preset--spacing--50)\">\n<p class=\"is-style-text-subtitle has-large-font-size is-style-text-subtitle--7\" id=\"free\"><strong><strong>Au d\u00e9jeuner en semaine, un menu du march\u00e9 renouvel\u00e9 r\u00e9guli\u00e8rement :<\/strong><br><\/strong><br>Entr\u00e9e et Plat &#8211; 18\u20ac &#8211;<\/p>\n\n\n\n<p class=\"has-large-font-size\">Plat et Dessert  &#8211; 18\u20ac &#8211;<\/p>\n\n\n\n<p class=\"has-large-font-size\">Entr\u00e9e, Plat et Dessert &#8211; 21\u20ac &#8211;<\/p>\n\n\n\n<p><\/p>\n\n\n\n<p id=\"free\">Envie de prolonger le moment ?<\/p>\n\n\n\n<p id=\"free\">Les menus du soir sont \u00e9galement propos\u00e9s<\/p>\n\n\n\n<p><\/p>\n\n\n\n<div class=\"wp-block-buttons is-content-justification-center is-layout-flex wp-container-core-buttons-is-layout-a89b3969 wp-block-buttons-is-layout-flex\">\n<div class=\"wp-block-button has-custom-width wp-block-button__width-100\"><a class=\"wp-block-button__link wp-element-button\" href=\"https:\/\/restaurantlaluciole.fr\/new\/index.php\/la-carte-de-la-luciole\/\">Nos Menus<\/a><\/div>\n<\/div>\n<\/div>\n\n\n\n<div class=\"wp-block-column has-border-color is-layout-flow wp-block-column-is-layout-flow\" style=\"border-color:var(--wp--preset--color--accent-6);border-width:1px;border-radius:10px;padding-top:var(--wp--preset--spacing--50);padding-right:var(--wp--preset--spacing--50);padding-bottom:var(--wp--preset--spacing--50);padding-left:var(--wp--preset--spacing--50)\">\n<h3 class=\"wp-block-heading is-style-text-subtitle has-large-font-size is-style-text-subtitle--8\" id=\"single\"><strong>Le soir et le dimanche midi :<\/strong><\/h3>\n\n\n\n<p>Menu Premi\u00e8re Lueur &#8211; 29\u20ac &#8211;<\/p>\n\n\n\n<p>Menu Lueur intense &#8211; 39\u20ac &#8211;<\/p>\n\n\n\n<p id=\"single\"><\/p>\n\n\n\n<p><\/p>\n\n\n\n<p><\/p>\n\n\n\n<div class=\"wp-block-buttons is-content-justification-center is-layout-flex wp-container-core-buttons-is-layout-a89b3969 wp-block-buttons-is-layout-flex\">\n<div class=\"wp-block-button has-custom-width wp-block-button__width-100\"><a class=\"wp-block-button__link wp-element-button\" href=\"https:\/\/restaurantlaluciole.fr\/new\/index.php\/la-carte-de-la-luciole\/\">La Carte<\/a><\/div>\n<\/div>\n<\/div>\n<\/div>\n<\/div>\n\n\n\n<aside class=\"wp-block-group alignfull is-style-section-3 has-global-padding is-layout-constrained wp-container-core-group-is-layout-f0f2a97b wp-block-group-is-layout-constrained is-style-section-3--9\" style=\"margin-top:0;margin-bottom:0;padding-top:var(--wp--preset--spacing--50);padding-right:var(--wp--preset--spacing--50);padding-bottom:var(--wp--preset--spacing--50);padding-left:var(--wp--preset--spacing--50)\">\n<div class=\"wp-block-group is-vertical is-content-justification-center is-layout-flex wp-container-core-group-is-layout-8778ca4a wp-block-group-is-layout-flex\" style=\"min-height:360px;margin-top:0;margin-bottom:0\">\n<h2 class=\"wp-block-heading has-text-align-center has-xx-large-font-size\">Nous vous accueillons \u00e0 la Luciole : <\/h2>\n\n\n\n<p class=\"has-text-align-center is-style-text-subtitle has-x-large-font-size is-style-text-subtitle--10\"><strong>Le midi :<\/strong> lundi, mardi, jeudi, vendredi et dimanche<\/p>\n\n\n\n<p class=\"has-text-align-center is-style-text-subtitle has-x-large-font-size is-style-text-subtitle--11\"><strong>Le soir :<\/strong> jeudi, vendredi et samedi<\/p>\n\n\n\n<p class=\"has-x-large-font-size\"><\/p>\n\n\n\n<div style=\"height:0px\" aria-hidden=\"true\" class=\"wp-block-spacer wp-container-content-62aae154\"><\/div>\n\n\n\n<div class=\"wp-block-buttons is-content-justification-center is-layout-flex wp-container-core-buttons-is-layout-a89b3969 wp-block-buttons-is-layout-flex\">\n<div class=\"wp-block-button\"><a class=\"wp-block-button__link has-text-align-center wp-element-button\" href=\"https:\/\/reservation.laddition.com\/booking\/laluciole\" target=\"_blank\" rel=\"noreferrer noopener\">R\u00e9server<\/a><\/div>\n<\/div>\n<\/div>\n<\/aside>\n\n\n\n<p><\/p>\n","protected":false},"excerpt":{"rendered":"<p>Bienvenue au restaurant La Luciole \u00e0 Luc sur Orbieu Une cuisine de saison, gourmande et accessible \u00c0 Luc-sur-Orbieu, La Luciole ouvre un nouveau chapitre sous l\u2019impulsion du Chef Yohan Renard. Une cuisine guid\u00e9e par le produit, le respect des saisons et le go\u00fbt du travail bien fait. La cuisine Le midi, une cuisine du march\u00e9, [&hellip;]<\/p>\n","protected":false},"author":1,"featured_media":0,"parent":0,"menu_order":0,"comment_status":"closed","ping_status":"closed","template":"","meta":{"footnotes":""},"class_list":["post-7","page","type-page","status-publish","hentry"],"yoast_head":"<!-- This site is optimized with the Yoast SEO plugin v27.2 - https:\/\/yoast.com\/product\/yoast-seo-wordpress\/ -->\n<title>Accueil - Restaurant La Luciole \u00e0 Luc sur Orbieu<\/title>\n<meta name=\"robots\" content=\"index, follow, max-snippet:-1, max-image-preview:large, max-video-preview:-1\" \/>\n<link rel=\"canonical\" href=\"https:\/\/restaurantlaluciole.fr\/new\/\" \/>\n<meta property=\"og:locale\" content=\"fr_FR\" \/>\n<meta property=\"og:type\" content=\"article\" \/>\n<meta property=\"og:title\" content=\"Accueil - Restaurant La Luciole \u00e0 Luc sur Orbieu\" \/>\n<meta property=\"og:description\" content=\"Bienvenue au restaurant La Luciole \u00e0 Luc sur Orbieu Une cuisine de saison, gourmande et accessible \u00c0 Luc-sur-Orbieu, La Luciole ouvre un nouveau chapitre sous l\u2019impulsion du Chef Yohan Renard. Une cuisine guid\u00e9e par le produit, le respect des saisons et le go\u00fbt du travail bien fait. La cuisine Le midi, une cuisine du march\u00e9, [&hellip;]\" \/>\n<meta property=\"og:url\" content=\"https:\/\/restaurantlaluciole.fr\/new\/\" \/>\n<meta property=\"og:site_name\" content=\"Restaurant La Luciole \u00e0 Luc sur Orbieu\" \/>\n<meta property=\"article:modified_time\" content=\"2026-03-27T00:03:46+00:00\" \/>\n<meta property=\"og:image\" content=\"https:\/\/restaurantlaluciole.fr\/new\/wp-content\/uploads\/2026\/03\/logo-restaurant.jpg\" \/>\n<meta name=\"twitter:card\" content=\"summary_large_image\" \/>\n<meta name=\"twitter:label1\" content=\"Dur\u00e9e de lecture estim\u00e9e\" \/>\n\t<meta name=\"twitter:data1\" content=\"2 minutes\" \/>\n<script type=\"application\/ld+json\" class=\"yoast-schema-graph\">{\"@context\":\"https:\/\/schema.org\",\"@graph\":[{\"@type\":\"WebPage\",\"@id\":\"https:\/\/restaurantlaluciole.fr\/new\/\",\"url\":\"https:\/\/restaurantlaluciole.fr\/new\/\",\"name\":\"Accueil - Restaurant La Luciole \u00e0 Luc sur Orbieu\",\"isPartOf\":{\"@id\":\"https:\/\/restaurantlaluciole.fr\/new\/#website\"},\"primaryImageOfPage\":{\"@id\":\"https:\/\/restaurantlaluciole.fr\/new\/#primaryimage\"},\"image\":{\"@id\":\"https:\/\/restaurantlaluciole.fr\/new\/#primaryimage\"},\"thumbnailUrl\":\"https:\/\/restaurantlaluciole.fr\/new\/wp-content\/uploads\/2026\/03\/logo-restaurant.jpg\",\"datePublished\":\"2026-03-21T14:35:01+00:00\",\"dateModified\":\"2026-03-27T00:03:46+00:00\",\"breadcrumb\":{\"@id\":\"https:\/\/restaurantlaluciole.fr\/new\/#breadcrumb\"},\"inLanguage\":\"fr-FR\",\"potentialAction\":[{\"@type\":\"ReadAction\",\"target\":[\"https:\/\/restaurantlaluciole.fr\/new\/\"]}]},{\"@type\":\"ImageObject\",\"inLanguage\":\"fr-FR\",\"@id\":\"https:\/\/restaurantlaluciole.fr\/new\/#primaryimage\",\"url\":\"https:\/\/restaurantlaluciole.fr\/new\/wp-content\/uploads\/2026\/03\/logo-restaurant.jpg\",\"contentUrl\":\"https:\/\/restaurantlaluciole.fr\/new\/wp-content\/uploads\/2026\/03\/logo-restaurant.jpg\",\"width\":520,\"height\":259},{\"@type\":\"BreadcrumbList\",\"@id\":\"https:\/\/restaurantlaluciole.fr\/new\/#breadcrumb\",\"itemListElement\":[{\"@type\":\"ListItem\",\"position\":1,\"name\":\"Accueil\",\"item\":\"https:\/\/restaurantlaluciole.fr\/new\/\"},{\"@type\":\"ListItem\",\"position\":2,\"name\":\"Accueil\"}]},{\"@type\":\"WebSite\",\"@id\":\"https:\/\/restaurantlaluciole.fr\/new\/#website\",\"url\":\"https:\/\/restaurantlaluciole.fr\/new\/\",\"name\":\"Restaurant La Luciole \u00e0 Luc sur Orbieu\",\"description\":\"Une cuisine de saison, gourmande et accessible\",\"publisher\":{\"@id\":\"https:\/\/restaurantlaluciole.fr\/new\/#organization\"},\"potentialAction\":[{\"@type\":\"SearchAction\",\"target\":{\"@type\":\"EntryPoint\",\"urlTemplate\":\"https:\/\/restaurantlaluciole.fr\/new\/?s={search_term_string}\"},\"query-input\":{\"@type\":\"PropertyValueSpecification\",\"valueRequired\":true,\"valueName\":\"search_term_string\"}}],\"inLanguage\":\"fr-FR\"},{\"@type\":\"Organization\",\"@id\":\"https:\/\/restaurantlaluciole.fr\/new\/#organization\",\"name\":\"Restaurant La Luciole \u00e0 Luc sur Orbieu\",\"url\":\"https:\/\/restaurantlaluciole.fr\/new\/\",\"logo\":{\"@type\":\"ImageObject\",\"inLanguage\":\"fr-FR\",\"@id\":\"https:\/\/restaurantlaluciole.fr\/new\/#\/schema\/logo\/image\/\",\"url\":\"https:\/\/restaurantlaluciole.fr\/new\/wp-content\/uploads\/2026\/03\/logo-restaurant.jpg\",\"contentUrl\":\"https:\/\/restaurantlaluciole.fr\/new\/wp-content\/uploads\/2026\/03\/logo-restaurant.jpg\",\"width\":520,\"height\":259,\"caption\":\"Restaurant La Luciole \u00e0 Luc sur Orbieu\"},\"image\":{\"@id\":\"https:\/\/restaurantlaluciole.fr\/new\/#\/schema\/logo\/image\/\"}}]}<\/script>\n<!-- \/ Yoast SEO plugin. -->","yoast_head_json":{"title":"Accueil - Restaurant La Luciole \u00e0 Luc sur Orbieu","robots":{"index":"index","follow":"follow","max-snippet":"max-snippet:-1","max-image-preview":"max-image-preview:large","max-video-preview":"max-video-preview:-1"},"canonical":"https:\/\/restaurantlaluciole.fr\/new\/","og_locale":"fr_FR","og_type":"article","og_title":"Accueil - Restaurant La Luciole \u00e0 Luc sur Orbieu","og_description":"Bienvenue au restaurant La Luciole \u00e0 Luc sur Orbieu Une cuisine de saison, gourmande et accessible \u00c0 Luc-sur-Orbieu, La Luciole ouvre un nouveau chapitre sous l\u2019impulsion du Chef Yohan Renard. Une cuisine guid\u00e9e par le produit, le respect des saisons et le go\u00fbt du travail bien fait. La cuisine Le midi, une cuisine du march\u00e9, [&hellip;]","og_url":"https:\/\/restaurantlaluciole.fr\/new\/","og_site_name":"Restaurant La Luciole \u00e0 Luc sur Orbieu","article_modified_time":"2026-03-27T00:03:46+00:00","og_image":[{"url":"https:\/\/restaurantlaluciole.fr\/new\/wp-content\/uploads\/2026\/03\/logo-restaurant.jpg","type":"","width":"","height":""}],"twitter_card":"summary_large_image","twitter_misc":{"Dur\u00e9e de lecture estim\u00e9e":"2 minutes"},"schema":{"@context":"https:\/\/schema.org","@graph":[{"@type":"WebPage","@id":"https:\/\/restaurantlaluciole.fr\/new\/","url":"https:\/\/restaurantlaluciole.fr\/new\/","name":"Accueil - Restaurant La Luciole \u00e0 Luc sur Orbieu","isPartOf":{"@id":"https:\/\/restaurantlaluciole.fr\/new\/#website"},"primaryImageOfPage":{"@id":"https:\/\/restaurantlaluciole.fr\/new\/#primaryimage"},"image":{"@id":"https:\/\/restaurantlaluciole.fr\/new\/#primaryimage"},"thumbnailUrl":"https:\/\/restaurantlaluciole.fr\/new\/wp-content\/uploads\/2026\/03\/logo-restaurant.jpg","datePublished":"2026-03-21T14:35:01+00:00","dateModified":"2026-03-27T00:03:46+00:00","breadcrumb":{"@id":"https:\/\/restaurantlaluciole.fr\/new\/#breadcrumb"},"inLanguage":"fr-FR","potentialAction":[{"@type":"ReadAction","target":["https:\/\/restaurantlaluciole.fr\/new\/"]}]},{"@type":"ImageObject","inLanguage":"fr-FR","@id":"https:\/\/restaurantlaluciole.fr\/new\/#primaryimage","url":"https:\/\/restaurantlaluciole.fr\/new\/wp-content\/uploads\/2026\/03\/logo-restaurant.jpg","contentUrl":"https:\/\/restaurantlaluciole.fr\/new\/wp-content\/uploads\/2026\/03\/logo-restaurant.jpg","width":520,"height":259},{"@type":"BreadcrumbList","@id":"https:\/\/restaurantlaluciole.fr\/new\/#breadcrumb","itemListElement":[{"@type":"ListItem","position":1,"name":"Accueil","item":"https:\/\/restaurantlaluciole.fr\/new\/"},{"@type":"ListItem","position":2,"name":"Accueil"}]},{"@type":"WebSite","@id":"https:\/\/restaurantlaluciole.fr\/new\/#website","url":"https:\/\/restaurantlaluciole.fr\/new\/","name":"Restaurant La Luciole \u00e0 Luc sur Orbieu","description":"Une cuisine de saison, gourmande et accessible","publisher":{"@id":"https:\/\/restaurantlaluciole.fr\/new\/#organization"},"potentialAction":[{"@type":"SearchAction","target":{"@type":"EntryPoint","urlTemplate":"https:\/\/restaurantlaluciole.fr\/new\/?s={search_term_string}"},"query-input":{"@type":"PropertyValueSpecification","valueRequired":true,"valueName":"search_term_string"}}],"inLanguage":"fr-FR"},{"@type":"Organization","@id":"https:\/\/restaurantlaluciole.fr\/new\/#organization","name":"Restaurant La Luciole \u00e0 Luc sur Orbieu","url":"https:\/\/restaurantlaluciole.fr\/new\/","logo":{"@type":"ImageObject","inLanguage":"fr-FR","@id":"https:\/\/restaurantlaluciole.fr\/new\/#\/schema\/logo\/image\/","url":"https:\/\/restaurantlaluciole.fr\/new\/wp-content\/uploads\/2026\/03\/logo-restaurant.jpg","contentUrl":"https:\/\/restaurantlaluciole.fr\/new\/wp-content\/uploads\/2026\/03\/logo-restaurant.jpg","width":520,"height":259,"caption":"Restaurant La Luciole \u00e0 Luc sur Orbieu"},"image":{"@id":"https:\/\/restaurantlaluciole.fr\/new\/#\/schema\/logo\/image\/"}}]}},"_links":{"self":[{"href":"https:\/\/restaurantlaluciole.fr\/new\/index.php\/wp-json\/wp\/v2\/pages\/7","targetHints":{"allow":["GET"]}}],"collection":[{"href":"https:\/\/restaurantlaluciole.fr\/new\/index.php\/wp-json\/wp\/v2\/pages"}],"about":[{"href":"https:\/\/restaurantlaluciole.fr\/new\/index.php\/wp-json\/wp\/v2\/types\/page"}],"author":[{"embeddable":true,"href":"https:\/\/restaurantlaluciole.fr\/new\/index.php\/wp-json\/wp\/v2\/users\/1"}],"replies":[{"embeddable":true,"href":"https:\/\/restaurantlaluciole.fr\/new\/index.php\/wp-json\/wp\/v2\/comments?post=7"}],"version-history":[{"count":21,"href":"https:\/\/restaurantlaluciole.fr\/new\/index.php\/wp-json\/wp\/v2\/pages\/7\/revisions"}],"predecessor-version":[{"id":69,"href":"https:\/\/restaurantlaluciole.fr\/new\/index.php\/wp-json\/wp\/v2\/pages\/7\/revisions\/69"}],"wp:attachment":[{"href":"https:\/\/restaurantlaluciole.fr\/new\/index.php\/wp-json\/wp\/v2\/media?parent=7"}],"curies":[{"name":"wp","href":"https:\/\/api.w.org\/{rel}","templated":true}]}}